{"id":432,"date":"2025-06-11T10:05:15","date_gmt":"2025-06-11T10:05:15","guid":{"rendered":"https:\/\/harritongroup.com\/politika-kolacica\/"},"modified":"2025-06-11T10:09:45","modified_gmt":"2025-06-11T10:09:45","slug":"politika-kolacica","status":"publish","type":"page","link":"https:\/\/harritongroup.com\/sr\/politika-kolacica\/","title":{"rendered":"Politika kola\u010di\u0107a"},"content":{"rendered":"\n<p><strong>1. \u0160ta su kola\u010di\u0107i?<\/strong><\/p>\n\n<p>Kola\u010di\u0107i su male tekstualne datoteke koje se \u010duvaju na va\u0161em ure\u0111aju (ra\u010dunaru, tabletu, pametnom telefonu) kada posetite veb sajt. Oni poma\u017eu sajtu da zapamti va\u0161e aktivnosti i pode\u0161avanja (kao \u0161to su prijava, jezik, veli\u010dina fonta i druge preferencije prikaza) tokom odre\u0111enog vremenskog perioda. <\/p>\n\n<p><strong>2. Kako koristimo kola\u010di\u0107e<\/strong><\/p>\n\n<p>Kola\u010di\u0107e koristimo kako bismo:<\/p>\n\n<ul class=\"wp-block-list\">\n<li>Obezbedili pravilno funkcionisanje sajta<\/li>\n\n\n\n<li>Zapamtili va\u0161a pode\u0161avanja i preferencije<\/li>\n\n\n\n<li>Analizirali saobra\u0107aj i kori\u0161\u0107enje sajta<\/li>\n\n\n\n<li>Unapredili korisni\u010dko iskustvo<\/li>\n\n\n\n<li>Prikazivali relevantne oglase (ako je primenljivo)<\/li>\n<\/ul>\n\n<p><strong>3. Vrste kola\u010di\u0107a koje koristimo<\/strong><\/p>\n\n<ul class=\"wp-block-list\">\n<li><strong>Neophodni kola\u010di\u0107i<\/strong> \u2013 Neophodni su za funkcionisanje sajta i ne mogu se isklju\u010diti.<\/li>\n\n\n\n<li><strong>Funkcionalni kola\u010di\u0107i <\/strong>\u2013 Pamte va\u0161a pode\u0161avanja i izbore radi pobolj\u0161anja iskustva.<\/li>\n\n\n\n<li><strong>Analiti\u010dki kola\u010di\u0107i<\/strong> \u2013 Poma\u017eu nam da razumemo kako posetioci koriste sajt.<\/li>\n\n\n\n<li><strong>Reklamni kola\u010di\u0107i <\/strong>\u2013 Koriste se za prikaz personalizovanih oglasa na osnovu va\u0161eg pona\u0161anja na mre\u017ei (ako se koriste).<\/li>\n<\/ul>\n\n<p><strong>4. Upravljanje kola\u010di\u0107ima<\/strong><\/p>\n\n<p>Mo\u017eete kontrolisati i\/ili obrisati kola\u010di\u0107e po \u017eelji. Mo\u017eete obrisati sve kola\u010di\u0107e sa svog ure\u0111aja i podesiti ve\u0107inu pregleda\u010da da ih blokiraju. Imajte na umu da neke funkcije sajta mo\u017eda ne\u0107e raditi ispravno ako onemogu\u0107ite kola\u010di\u0107e.  <\/p>\n\n<p><strong>5. Izmene ove politike<\/strong><\/p>\n\n<p>Ova Politika kola\u010di\u0107a mo\u017ee biti povremeno a\u017eurirana. Sve izmene bi\u0107e objavljene na ovoj stranici sa a\u017euriranim datumom. <\/p>\n\n<p><strong>6. Kontakt<\/strong><\/p>\n\n<p>Ako imate pitanja u vezi sa kori\u0161\u0107enjem kola\u010di\u0107a, kontaktirajte nas na:<br\/>https:\/\/harritongroup.com<\/p>\n","protected":false},"excerpt":{"rendered":"<p>1. \u0160ta su kola\u010di\u0107i? Kola\u010di\u0107i su male tekstualne datoteke koje se \u010duvaju na va\u0161em ure\u0111aju (ra\u010dunaru, tabletu, pametnom telefonu) kada posetite veb sajt. Oni poma\u017eu sajtu da zapamti va\u0161e aktivnosti i pode\u0161avanja (kao \u0161to su prijava, jezik, veli\u010dina fonta i druge preferencije prikaza) tokom odre\u0111enog vremenskog perioda. 2. Kako koristimo kola\u010di\u0107e Kola\u010di\u0107e koristimo kako bismo: [&hellip;]<\/p>\n","protected":false},"author":1,"featured_media":0,"parent":0,"menu_order":0,"comment_status":"closed","ping_status":"closed","template":"","meta":{"_acf_changed":false,"footnotes":""},"class_list":["post-432","page","type-page","status-publish","hentry"],"acf":[],"yoast_head":"<!-- This site is optimized with the Yoast SEO plugin v27.2 - https:\/\/yoast.com\/product\/yoast-seo-wordpress\/ -->\n<title>Politika kola\u010di\u0107a - Harriton Group<\/title>\n<meta name=\"robots\" content=\"index, follow, max-snippet:-1, max-image-preview:large, max-video-preview:-1\" \/>\n<link rel=\"canonical\" href=\"https:\/\/harritongroup.com\/sr\/politika-kolacica\/\" \/>\n<meta property=\"og:locale\" content=\"sr_RS\" \/>\n<meta property=\"og:type\" content=\"article\" \/>\n<meta property=\"og:title\" content=\"Politika kola\u010di\u0107a - Harriton Group\" \/>\n<meta property=\"og:description\" content=\"1. \u0160ta su kola\u010di\u0107i? Kola\u010di\u0107i su male tekstualne datoteke koje se \u010duvaju na va\u0161em ure\u0111aju (ra\u010dunaru, tabletu, pametnom telefonu) kada posetite veb sajt. Oni poma\u017eu sajtu da zapamti va\u0161e aktivnosti i pode\u0161avanja (kao \u0161to su prijava, jezik, veli\u010dina fonta i druge preferencije prikaza) tokom odre\u0111enog vremenskog perioda. 2. Kako koristimo kola\u010di\u0107e Kola\u010di\u0107e koristimo kako bismo: [&hellip;]\" \/>\n<meta property=\"og:url\" content=\"https:\/\/harritongroup.com\/sr\/politika-kolacica\/\" \/>\n<meta property=\"og:site_name\" content=\"Harriton Group\" \/>\n<meta property=\"article:modified_time\" content=\"2025-06-11T10:09:45+00:00\" \/>\n<meta name=\"twitter:card\" content=\"summary_large_image\" \/>\n<meta name=\"twitter:label1\" content=\"\u041f\u0440\u043e\u0446\u0435\u045a\u0435\u043d\u043e \u0432\u0440\u0435\u043c\u0435 \u0447\u0438\u0442\u0430\u045a\u0430\" \/>\n\t<meta name=\"twitter:data1\" content=\"1 \u043c\u0438\u043d\u0443\u0442\" \/>\n<script type=\"application\/ld+json\" class=\"yoast-schema-graph\">{\"@context\":\"https:\/\/schema.org\",\"@graph\":[{\"@type\":\"WebPage\",\"@id\":\"https:\/\/harritongroup.com\/sr\/politika-kolacica\/\",\"url\":\"https:\/\/harritongroup.com\/sr\/politika-kolacica\/\",\"name\":\"Politika kola\u010di\u0107a - Harriton Group\",\"isPartOf\":{\"@id\":\"https:\/\/harritongroup.com\/#website\"},\"datePublished\":\"2025-06-11T10:05:15+00:00\",\"dateModified\":\"2025-06-11T10:09:45+00:00\",\"breadcrumb\":{\"@id\":\"https:\/\/harritongroup.com\/sr\/politika-kolacica\/#breadcrumb\"},\"inLanguage\":\"sr-RS\",\"potentialAction\":[{\"@type\":\"ReadAction\",\"target\":[\"https:\/\/harritongroup.com\/sr\/politika-kolacica\/\"]}]},{\"@type\":\"BreadcrumbList\",\"@id\":\"https:\/\/harritongroup.com\/sr\/politika-kolacica\/#breadcrumb\",\"itemListElement\":[{\"@type\":\"ListItem\",\"position\":1,\"name\":\"Home\",\"item\":\"https:\/\/harritongroup.com\/sr\/\"},{\"@type\":\"ListItem\",\"position\":2,\"name\":\"Politika kola\u010di\u0107a\"}]},{\"@type\":\"WebSite\",\"@id\":\"https:\/\/harritongroup.com\/#website\",\"url\":\"https:\/\/harritongroup.com\/\",\"name\":\"Harriton Group - Built on Trust\",\"description\":\"Built on trust\",\"potentialAction\":[{\"@type\":\"SearchAction\",\"target\":{\"@type\":\"EntryPoint\",\"urlTemplate\":\"https:\/\/harritongroup.com\/?s={search_term_string}\"},\"query-input\":{\"@type\":\"PropertyValueSpecification\",\"valueRequired\":true,\"valueName\":\"search_term_string\"}}],\"inLanguage\":\"sr-RS\"}]}<\/script>\n<!-- \/ Yoast SEO plugin. -->","yoast_head_json":{"title":"Politika kola\u010di\u0107a - Harriton Group","robots":{"index":"index","follow":"follow","max-snippet":"max-snippet:-1","max-image-preview":"max-image-preview:large","max-video-preview":"max-video-preview:-1"},"canonical":"https:\/\/harritongroup.com\/sr\/politika-kolacica\/","og_locale":"sr_RS","og_type":"article","og_title":"Politika kola\u010di\u0107a - Harriton Group","og_description":"1. \u0160ta su kola\u010di\u0107i? Kola\u010di\u0107i su male tekstualne datoteke koje se \u010duvaju na va\u0161em ure\u0111aju (ra\u010dunaru, tabletu, pametnom telefonu) kada posetite veb sajt. Oni poma\u017eu sajtu da zapamti va\u0161e aktivnosti i pode\u0161avanja (kao \u0161to su prijava, jezik, veli\u010dina fonta i druge preferencije prikaza) tokom odre\u0111enog vremenskog perioda. 2. Kako koristimo kola\u010di\u0107e Kola\u010di\u0107e koristimo kako bismo: [&hellip;]","og_url":"https:\/\/harritongroup.com\/sr\/politika-kolacica\/","og_site_name":"Harriton Group","article_modified_time":"2025-06-11T10:09:45+00:00","twitter_card":"summary_large_image","twitter_misc":{"\u041f\u0440\u043e\u0446\u0435\u045a\u0435\u043d\u043e \u0432\u0440\u0435\u043c\u0435 \u0447\u0438\u0442\u0430\u045a\u0430":"1 \u043c\u0438\u043d\u0443\u0442"},"schema":{"@context":"https:\/\/schema.org","@graph":[{"@type":"WebPage","@id":"https:\/\/harritongroup.com\/sr\/politika-kolacica\/","url":"https:\/\/harritongroup.com\/sr\/politika-kolacica\/","name":"Politika kola\u010di\u0107a - Harriton Group","isPartOf":{"@id":"https:\/\/harritongroup.com\/#website"},"datePublished":"2025-06-11T10:05:15+00:00","dateModified":"2025-06-11T10:09:45+00:00","breadcrumb":{"@id":"https:\/\/harritongroup.com\/sr\/politika-kolacica\/#breadcrumb"},"inLanguage":"sr-RS","potentialAction":[{"@type":"ReadAction","target":["https:\/\/harritongroup.com\/sr\/politika-kolacica\/"]}]},{"@type":"BreadcrumbList","@id":"https:\/\/harritongroup.com\/sr\/politika-kolacica\/#breadcrumb","itemListElement":[{"@type":"ListItem","position":1,"name":"Home","item":"https:\/\/harritongroup.com\/sr\/"},{"@type":"ListItem","position":2,"name":"Politika kola\u010di\u0107a"}]},{"@type":"WebSite","@id":"https:\/\/harritongroup.com\/#website","url":"https:\/\/harritongroup.com\/","name":"Harriton Group - Built on Trust","description":"Built on trust","potentialAction":[{"@type":"SearchAction","target":{"@type":"EntryPoint","urlTemplate":"https:\/\/harritongroup.com\/?s={search_term_string}"},"query-input":{"@type":"PropertyValueSpecification","valueRequired":true,"valueName":"search_term_string"}}],"inLanguage":"sr-RS"}]}},"_links":{"self":[{"href":"https:\/\/harritongroup.com\/sr\/wp-json\/wp\/v2\/pages\/432","targetHints":{"allow":["GET"]}}],"collection":[{"href":"https:\/\/harritongroup.com\/sr\/wp-json\/wp\/v2\/pages"}],"about":[{"href":"https:\/\/harritongroup.com\/sr\/wp-json\/wp\/v2\/types\/page"}],"author":[{"embeddable":true,"href":"https:\/\/harritongroup.com\/sr\/wp-json\/wp\/v2\/users\/1"}],"replies":[{"embeddable":true,"href":"https:\/\/harritongroup.com\/sr\/wp-json\/wp\/v2\/comments?post=432"}],"version-history":[{"count":1,"href":"https:\/\/harritongroup.com\/sr\/wp-json\/wp\/v2\/pages\/432\/revisions"}],"predecessor-version":[{"id":433,"href":"https:\/\/harritongroup.com\/sr\/wp-json\/wp\/v2\/pages\/432\/revisions\/433"}],"wp:attachment":[{"href":"https:\/\/harritongroup.com\/sr\/wp-json\/wp\/v2\/media?parent=432"}],"curies":[{"name":"wp","href":"https:\/\/api.w.org\/{rel}","templated":true}]}}