{"id":302,"date":"2025-05-16T07:43:51","date_gmt":"2025-05-16T07:43:51","guid":{"rendered":"https:\/\/blissful-bose.162-55-85-125.plesk.page\/kontakt\/"},"modified":"2025-11-16T10:18:29","modified_gmt":"2025-11-16T10:18:29","slug":"kontakt","status":"publish","type":"page","link":"https:\/\/harritongroup.com\/sr\/kontakt\/","title":{"rendered":"Kontakt"},"content":{"rendered":"\n<p>Ukoliko imate bilo kakva pitanja ili ste jednostavno radoznali da saznate vi\u0161e o na\u0161im uslugama, unesite svoje podatke I na\u0161 tim \u0107e vas kontaktirati.<\/p>\n\n<p>&#8211;<\/p>\n\n<p class=\"has-medium-font-size\">office@harritongroup.com<\/p>\n\n<p class=\"has-medium-font-size\">+381 64 8173471<\/p>\n\n<p><\/p>\n","protected":false},"excerpt":{"rendered":"<p>Ukoliko imate bilo kakva pitanja ili ste jednostavno radoznali da saznate vi\u0161e o na\u0161im uslugama, unesite svoje podatke I na\u0161 tim \u0107e vas kontaktirati. &#8211; office@harritongroup.com +381 64 8173471<\/p>\n","protected":false},"author":1,"featured_media":287,"parent":0,"menu_order":0,"comment_status":"closed","ping_status":"closed","template":"page-contact.php","meta":{"_acf_changed":false,"footnotes":""},"class_list":["post-302","page","type-page","status-publish","has-post-thumbnail","hentry"],"acf":[],"yoast_head":"<!-- This site is optimized with the Yoast SEO plugin v27.2 - https:\/\/yoast.com\/product\/yoast-seo-wordpress\/ -->\n<title>Kontakt - Harriton Group<\/title>\n<meta name=\"robots\" content=\"index, follow, max-snippet:-1, max-image-preview:large, max-video-preview:-1\" \/>\n<link rel=\"canonical\" href=\"https:\/\/harritongroup.com\/sr\/kontakt\/\" \/>\n<meta property=\"og:locale\" content=\"sr_RS\" \/>\n<meta property=\"og:type\" content=\"article\" \/>\n<meta property=\"og:title\" content=\"Kontakt - Harriton Group\" \/>\n<meta property=\"og:description\" content=\"Ukoliko imate bilo kakva pitanja ili ste jednostavno radoznali da saznate vi\u0161e o na\u0161im uslugama, unesite svoje podatke I na\u0161 tim \u0107e vas kontaktirati. &#8211; office@harritongroup.com +381 64 8173471\" \/>\n<meta property=\"og:url\" content=\"https:\/\/harritongroup.com\/sr\/kontakt\/\" \/>\n<meta property=\"og:site_name\" content=\"Harriton Group\" \/>\n<meta property=\"article:modified_time\" content=\"2025-11-16T10:18:29+00:00\" \/>\n<meta name=\"twitter:card\" content=\"summary_large_image\" \/>\n<meta name=\"twitter:label1\" content=\"\u041f\u0440\u043e\u0446\u0435\u045a\u0435\u043d\u043e \u0432\u0440\u0435\u043c\u0435 \u0447\u0438\u0442\u0430\u045a\u0430\" \/>\n\t<meta name=\"twitter:data1\" content=\"1 \u043c\u0438\u043d\u0443\u0442\" \/>\n<script type=\"application\/ld+json\" class=\"yoast-schema-graph\">{\"@context\":\"https:\/\/schema.org\",\"@graph\":[{\"@type\":\"WebPage\",\"@id\":\"https:\/\/harritongroup.com\/sr\/kontakt\/\",\"url\":\"https:\/\/harritongroup.com\/sr\/kontakt\/\",\"name\":\"Kontakt - Harriton Group\",\"isPartOf\":{\"@id\":\"https:\/\/harritongroup.com\/#website\"},\"primaryImageOfPage\":{\"@id\":\"https:\/\/harritongroup.com\/sr\/kontakt\/#primaryimage\"},\"image\":{\"@id\":\"https:\/\/harritongroup.com\/sr\/kontakt\/#primaryimage\"},\"thumbnailUrl\":\"https:\/\/harritongroup.com\/wp-content\/uploads\/2025\/05\/harriton-contact-hero.avif\",\"datePublished\":\"2025-05-16T07:43:51+00:00\",\"dateModified\":\"2025-11-16T10:18:29+00:00\",\"breadcrumb\":{\"@id\":\"https:\/\/harritongroup.com\/sr\/kontakt\/#breadcrumb\"},\"inLanguage\":\"sr-RS\",\"potentialAction\":[{\"@type\":\"ReadAction\",\"target\":[\"https:\/\/harritongroup.com\/sr\/kontakt\/\"]}]},{\"@type\":\"ImageObject\",\"inLanguage\":\"sr-RS\",\"@id\":\"https:\/\/harritongroup.com\/sr\/kontakt\/#primaryimage\",\"url\":\"https:\/\/harritongroup.com\/wp-content\/uploads\/2025\/05\/harriton-contact-hero.avif\",\"contentUrl\":\"https:\/\/harritongroup.com\/wp-content\/uploads\/2025\/05\/harriton-contact-hero.avif\",\"width\":1922,\"height\":560},{\"@type\":\"BreadcrumbList\",\"@id\":\"https:\/\/harritongroup.com\/sr\/kontakt\/#breadcrumb\",\"itemListElement\":[{\"@type\":\"ListItem\",\"position\":1,\"name\":\"Home\",\"item\":\"https:\/\/harritongroup.com\/sr\/\"},{\"@type\":\"ListItem\",\"position\":2,\"name\":\"Kontakt\"}]},{\"@type\":\"WebSite\",\"@id\":\"https:\/\/harritongroup.com\/#website\",\"url\":\"https:\/\/harritongroup.com\/\",\"name\":\"Harriton Group - Built on Trust\",\"description\":\"Built on trust\",\"potentialAction\":[{\"@type\":\"SearchAction\",\"target\":{\"@type\":\"EntryPoint\",\"urlTemplate\":\"https:\/\/harritongroup.com\/?s={search_term_string}\"},\"query-input\":{\"@type\":\"PropertyValueSpecification\",\"valueRequired\":true,\"valueName\":\"search_term_string\"}}],\"inLanguage\":\"sr-RS\"}]}<\/script>\n<!-- \/ Yoast SEO plugin. -->","yoast_head_json":{"title":"Kontakt - Harriton Group","robots":{"index":"index","follow":"follow","max-snippet":"max-snippet:-1","max-image-preview":"max-image-preview:large","max-video-preview":"max-video-preview:-1"},"canonical":"https:\/\/harritongroup.com\/sr\/kontakt\/","og_locale":"sr_RS","og_type":"article","og_title":"Kontakt - Harriton Group","og_description":"Ukoliko imate bilo kakva pitanja ili ste jednostavno radoznali da saznate vi\u0161e o na\u0161im uslugama, unesite svoje podatke I na\u0161 tim \u0107e vas kontaktirati. &#8211; office@harritongroup.com +381 64 8173471","og_url":"https:\/\/harritongroup.com\/sr\/kontakt\/","og_site_name":"Harriton Group","article_modified_time":"2025-11-16T10:18:29+00:00","twitter_card":"summary_large_image","twitter_misc":{"\u041f\u0440\u043e\u0446\u0435\u045a\u0435\u043d\u043e \u0432\u0440\u0435\u043c\u0435 \u0447\u0438\u0442\u0430\u045a\u0430":"1 \u043c\u0438\u043d\u0443\u0442"},"schema":{"@context":"https:\/\/schema.org","@graph":[{"@type":"WebPage","@id":"https:\/\/harritongroup.com\/sr\/kontakt\/","url":"https:\/\/harritongroup.com\/sr\/kontakt\/","name":"Kontakt - Harriton Group","isPartOf":{"@id":"https:\/\/harritongroup.com\/#website"},"primaryImageOfPage":{"@id":"https:\/\/harritongroup.com\/sr\/kontakt\/#primaryimage"},"image":{"@id":"https:\/\/harritongroup.com\/sr\/kontakt\/#primaryimage"},"thumbnailUrl":"https:\/\/harritongroup.com\/wp-content\/uploads\/2025\/05\/harriton-contact-hero.avif","datePublished":"2025-05-16T07:43:51+00:00","dateModified":"2025-11-16T10:18:29+00:00","breadcrumb":{"@id":"https:\/\/harritongroup.com\/sr\/kontakt\/#breadcrumb"},"inLanguage":"sr-RS","potentialAction":[{"@type":"ReadAction","target":["https:\/\/harritongroup.com\/sr\/kontakt\/"]}]},{"@type":"ImageObject","inLanguage":"sr-RS","@id":"https:\/\/harritongroup.com\/sr\/kontakt\/#primaryimage","url":"https:\/\/harritongroup.com\/wp-content\/uploads\/2025\/05\/harriton-contact-hero.avif","contentUrl":"https:\/\/harritongroup.com\/wp-content\/uploads\/2025\/05\/harriton-contact-hero.avif","width":1922,"height":560},{"@type":"BreadcrumbList","@id":"https:\/\/harritongroup.com\/sr\/kontakt\/#breadcrumb","itemListElement":[{"@type":"ListItem","position":1,"name":"Home","item":"https:\/\/harritongroup.com\/sr\/"},{"@type":"ListItem","position":2,"name":"Kontakt"}]},{"@type":"WebSite","@id":"https:\/\/harritongroup.com\/#website","url":"https:\/\/harritongroup.com\/","name":"Harriton Group - Built on Trust","description":"Built on trust","potentialAction":[{"@type":"SearchAction","target":{"@type":"EntryPoint","urlTemplate":"https:\/\/harritongroup.com\/?s={search_term_string}"},"query-input":{"@type":"PropertyValueSpecification","valueRequired":true,"valueName":"search_term_string"}}],"inLanguage":"sr-RS"}]}},"_links":{"self":[{"href":"https:\/\/harritongroup.com\/sr\/wp-json\/wp\/v2\/pages\/302","targetHints":{"allow":["GET"]}}],"collection":[{"href":"https:\/\/harritongroup.com\/sr\/wp-json\/wp\/v2\/pages"}],"about":[{"href":"https:\/\/harritongroup.com\/sr\/wp-json\/wp\/v2\/types\/page"}],"author":[{"embeddable":true,"href":"https:\/\/harritongroup.com\/sr\/wp-json\/wp\/v2\/users\/1"}],"replies":[{"embeddable":true,"href":"https:\/\/harritongroup.com\/sr\/wp-json\/wp\/v2\/comments?post=302"}],"version-history":[{"count":8,"href":"https:\/\/harritongroup.com\/sr\/wp-json\/wp\/v2\/pages\/302\/revisions"}],"predecessor-version":[{"id":509,"href":"https:\/\/harritongroup.com\/sr\/wp-json\/wp\/v2\/pages\/302\/revisions\/509"}],"wp:featuredmedia":[{"embeddable":true,"href":"https:\/\/harritongroup.com\/sr\/wp-json\/wp\/v2\/media\/287"}],"wp:attachment":[{"href":"https:\/\/harritongroup.com\/sr\/wp-json\/wp\/v2\/media?parent=302"}],"curies":[{"name":"wp","href":"https:\/\/api.w.org\/{rel}","templated":true}]}}